{"id":38,"date":"2025-06-08T18:50:52","date_gmt":"2025-06-08T18:50:52","guid":{"rendered":"https:\/\/silinbrasil.com.br\/sn\/?page_id=38"},"modified":"2025-07-04T00:04:53","modified_gmt":"2025-07-04T00:04:53","slug":"home","status":"publish","type":"page","link":"https:\/\/silinbrasil.com.br\/sn\/","title":{"rendered":"home"},"content":{"rendered":"\t\t<div data-elementor-type=\"wp-page\" data-elementor-id=\"38\" class=\"elementor elementor-38\">\n\t\t\t\t<div class=\"elementor-element elementor-element-93a5dc4 e-flex e-con-boxed e-con e-parent\" data-id=\"93a5dc4\" data-element_type=\"container\">\n\t\t\t\t\t<div class=\"e-con-inner\">\n\t\t\t\t<div class=\"elementor-element elementor-element-263b007 elementor-widget elementor-widget-heading\" data-id=\"263b007\" data-element_type=\"widget\" data-widget_type=\"heading.default\">\n\t\t\t\t<div class=\"elementor-widget-container\">\n\t\t\t\t\t<h2 class=\"elementor-heading-title elementor-size-default\">SL \u2014 SIGA NOSSA CONEX\u00c3O<\/h2>\t\t\t\t<\/div>\n\t\t\t\t<\/div>\n\t\t\t\t\t<\/div>\n\t\t\t\t<\/div>\n\t\t<div class=\"elementor-element elementor-element-7037794 e-flex e-con-boxed e-con e-parent\" data-id=\"7037794\" data-element_type=\"container\">\n\t\t\t\t\t<div class=\"e-con-inner\">\n\t\t\t\t<div class=\"elementor-element elementor-element-63d0b7b elementor-widget elementor-widget-text-editor\" data-id=\"63d0b7b\" data-element_type=\"widget\" data-widget_type=\"text-editor.default\">\n\t\t\t\t<div class=\"elementor-widget-container\">\n\t\t\t\t\t\t\t\t\t<p>Hub Comercial Conectando China e Am\u00e9rica do Sul<\/p>\t\t\t\t\t\t\t\t<\/div>\n\t\t\t\t<\/div>\n\t\t\t\t\t<\/div>\n\t\t\t\t<\/div>\n\t\t<div class=\"elementor-element elementor-element-8573ff1 e-flex e-con-boxed e-con e-parent\" data-id=\"8573ff1\" data-element_type=\"container\">\n\t\t\t\t\t<div class=\"e-con-inner\">\n\t\t\t\t<div class=\"elementor-element elementor-element-e925136 elementor-widget elementor-widget-image-carousel\" data-id=\"e925136\" data-element_type=\"widget\" data-settings=\"{&quot;slides_to_show&quot;:&quot;1&quot;,&quot;navigation&quot;:&quot;none&quot;,&quot;autoplay_speed&quot;:2300,&quot;effect&quot;:&quot;fade&quot;,&quot;autoplay&quot;:&quot;yes&quot;,&quot;pause_on_interaction&quot;:&quot;yes&quot;,&quot;infinite&quot;:&quot;yes&quot;,&quot;speed&quot;:500}\" data-widget_type=\"image-carousel.default\">\n\t\t\t\t<div class=\"elementor-widget-container\">\n\t\t\t\t\t\t\t<div class=\"elementor-image-carousel-wrapper swiper\" role=\"region\" aria-roledescription=\"carousel\" aria-label=\"Carrossel de imagens\" dir=\"ltr\">\n\t\t\t<div class=\"elementor-image-carousel swiper-wrapper\" aria-live=\"off\">\n\t\t\t\t\t\t\t\t<div class=\"swiper-slide\" role=\"group\" aria-roledescription=\"slide\" aria-label=\"1 de 8\"><figure class=\"swiper-slide-inner\"><img decoding=\"async\" class=\"swiper-slide-image\" src=\"https:\/\/silinbrasil.com.br\/sn\/wp-content\/uploads\/2025\/06\/capa_01.jpg\" alt=\"capa_01\" \/><\/figure><\/div><div class=\"swiper-slide\" role=\"group\" aria-roledescription=\"slide\" aria-label=\"2 de 8\"><figure class=\"swiper-slide-inner\"><img decoding=\"async\" class=\"swiper-slide-image\" src=\"https:\/\/silinbrasil.com.br\/sn\/wp-content\/uploads\/2025\/06\/capa_08.jpg\" alt=\"capa_08\" \/><\/figure><\/div><div class=\"swiper-slide\" role=\"group\" aria-roledescription=\"slide\" aria-label=\"3 de 8\"><figure class=\"swiper-slide-inner\"><img decoding=\"async\" class=\"swiper-slide-image\" src=\"https:\/\/silinbrasil.com.br\/sn\/wp-content\/uploads\/2025\/06\/capa_07.jpg\" alt=\"capa_07\" \/><\/figure><\/div><div class=\"swiper-slide\" role=\"group\" aria-roledescription=\"slide\" aria-label=\"4 de 8\"><figure class=\"swiper-slide-inner\"><img decoding=\"async\" class=\"swiper-slide-image\" src=\"https:\/\/silinbrasil.com.br\/sn\/wp-content\/uploads\/2025\/06\/capa_06.jpg\" alt=\"capa_06\" \/><\/figure><\/div><div class=\"swiper-slide\" role=\"group\" aria-roledescription=\"slide\" aria-label=\"5 de 8\"><figure class=\"swiper-slide-inner\"><img decoding=\"async\" class=\"swiper-slide-image\" src=\"https:\/\/silinbrasil.com.br\/sn\/wp-content\/uploads\/2025\/06\/capa_05.jpg\" alt=\"capa_05\" \/><\/figure><\/div><div class=\"swiper-slide\" role=\"group\" aria-roledescription=\"slide\" aria-label=\"6 de 8\"><figure class=\"swiper-slide-inner\"><img decoding=\"async\" class=\"swiper-slide-image\" src=\"https:\/\/silinbrasil.com.br\/sn\/wp-content\/uploads\/2025\/06\/capa_04.jpg\" alt=\"capa_04\" \/><\/figure><\/div><div class=\"swiper-slide\" role=\"group\" aria-roledescription=\"slide\" aria-label=\"7 de 8\"><figure class=\"swiper-slide-inner\"><img decoding=\"async\" class=\"swiper-slide-image\" src=\"https:\/\/silinbrasil.com.br\/sn\/wp-content\/uploads\/2025\/06\/capa_03.jpg\" alt=\"capa_03\" \/><\/figure><\/div><div class=\"swiper-slide\" role=\"group\" aria-roledescription=\"slide\" aria-label=\"8 de 8\"><figure class=\"swiper-slide-inner\"><img decoding=\"async\" class=\"swiper-slide-image\" src=\"https:\/\/silinbrasil.com.br\/sn\/wp-content\/uploads\/2025\/06\/capa_02.jpg\" alt=\"capa_02\" \/><\/figure><\/div>\t\t\t<\/div>\n\t\t\t\t\t\t\t\n\t\t\t\t\t\t\t\t\t<\/div>\n\t\t\t\t\t\t<\/div>\n\t\t\t\t<\/div>\n\t\t\t\t\t<\/div>\n\t\t\t\t<\/div>\n\t\t<div class=\"elementor-element elementor-element-1ca9fb8 e-flex e-con-boxed e-con e-parent\" data-id=\"1ca9fb8\" data-element_type=\"container\">\n\t\t\t\t\t<div class=\"e-con-inner\">\n\t\t<div class=\"elementor-element elementor-element-e3dde7b e-con-full e-flex e-con e-child\" data-id=\"e3dde7b\" data-element_type=\"container\">\n\t\t\t\t<div class=\"elementor-element elementor-element-7dca730 elementor-widget elementor-widget-image\" data-id=\"7dca730\" data-element_type=\"widget\" data-widget_type=\"image.default\">\n\t\t\t\t<div class=\"elementor-widget-container\">\n\t\t\t\t\t\t\t\t\t\t\t\t\t\t\t<img decoding=\"async\" src=\"https:\/\/silinbrasil.com.br\/sn\/wp-content\/uploads\/elementor\/thumbs\/ico_capa_05-r7jvmucdp95woeirp0qm20djciudr20uqwi56f46uo.png\" title=\"ico_capa_05\" alt=\"ico_capa_05\" loading=\"lazy\" \/>\t\t\t\t\t\t\t\t\t\t\t\t\t\t\t<\/div>\n\t\t\t\t<\/div>\n\t\t\t\t<div class=\"elementor-element elementor-element-455312c elementor-widget elementor-widget-text-editor\" data-id=\"455312c\" data-element_type=\"widget\" data-widget_type=\"text-editor.default\">\n\t\t\t\t<div class=\"elementor-widget-container\">\n\t\t\t\t\t\t\t\t\t<p><span style=\"color: #007744; font-family: 'Inria Sans', sans-serif; text-align: center;\">: PRODUTOS AGR\u00cdCOLAS<\/span><\/p>\t\t\t\t\t\t\t\t<\/div>\n\t\t\t\t<\/div>\n\t\t\t\t<\/div>\n\t\t<div class=\"elementor-element elementor-element-3e6153b e-con-full e-flex e-con e-child\" data-id=\"3e6153b\" data-element_type=\"container\">\n\t\t\t\t<div class=\"elementor-element elementor-element-5de5b01 elementor-widget elementor-widget-image\" data-id=\"5de5b01\" data-element_type=\"widget\" data-widget_type=\"image.default\">\n\t\t\t\t<div class=\"elementor-widget-container\">\n\t\t\t\t\t\t\t\t\t\t\t\t\t\t\t<img decoding=\"async\" src=\"https:\/\/silinbrasil.com.br\/sn\/wp-content\/uploads\/elementor\/thumbs\/ico_capa_02-r7jvmpn6r2zh2cplggph7jk8dlhjoki7298ps1b5ps.png\" title=\"ico_capa_02\" alt=\"ico_capa_02\" loading=\"lazy\" \/>\t\t\t\t\t\t\t\t\t\t\t\t\t\t\t<\/div>\n\t\t\t\t<\/div>\n\t\t\t\t<div class=\"elementor-element elementor-element-5323cc6 elementor-widget elementor-widget-text-editor\" data-id=\"5323cc6\" data-element_type=\"widget\" data-widget_type=\"text-editor.default\">\n\t\t\t\t<div class=\"elementor-widget-container\">\n\t\t\t\t\t\t\t\t\t<p><span style=\"color: #007744; font-family: 'Inria Sans', sans-serif;\">: PRODUTOS ALIMENT\u00cdCIOS<\/span><\/p>\t\t\t\t\t\t\t\t<\/div>\n\t\t\t\t<\/div>\n\t\t\t\t<\/div>\n\t\t<div class=\"elementor-element elementor-element-3801406 e-con-full e-flex e-con e-child\" data-id=\"3801406\" data-element_type=\"container\">\n\t\t\t\t<div class=\"elementor-element elementor-element-dc5f797 elementor-widget elementor-widget-image\" data-id=\"dc5f797\" data-element_type=\"widget\" data-widget_type=\"image.default\">\n\t\t\t\t<div class=\"elementor-widget-container\">\n\t\t\t\t\t\t\t\t\t\t\t\t\t\t\t<img decoding=\"async\" src=\"https:\/\/silinbrasil.com.br\/sn\/wp-content\/uploads\/elementor\/thumbs\/ico_capa_01-r7jvmnridewwf4sbrfw82k1b6tqt96aqdzxqthdy28.png\" title=\"ico_capa_01\" alt=\"ico_capa_01\" loading=\"lazy\" \/>\t\t\t\t\t\t\t\t\t\t\t\t\t\t\t<\/div>\n\t\t\t\t<\/div>\n\t\t\t\t<div class=\"elementor-element elementor-element-670fa50 elementor-widget elementor-widget-text-editor\" data-id=\"670fa50\" data-element_type=\"widget\" data-widget_type=\"text-editor.default\">\n\t\t\t\t<div class=\"elementor-widget-container\">\n\t\t\t\t\t\t\t\t\t<p><span style=\"color: #007744; font-family: 'Inria Sans', sans-serif;\">: FIOS E CABOS<\/span><\/p>\t\t\t\t\t\t\t\t<\/div>\n\t\t\t\t<\/div>\n\t\t\t\t<\/div>\n\t\t<div class=\"elementor-element elementor-element-cceb631 e-con-full e-flex e-con e-child\" data-id=\"cceb631\" data-element_type=\"container\">\n\t\t\t\t<div class=\"elementor-element elementor-element-d24be07 elementor-widget elementor-widget-image\" data-id=\"d24be07\" data-element_type=\"widget\" data-widget_type=\"image.default\">\n\t\t\t\t<div class=\"elementor-widget-container\">\n\t\t\t\t\t\t\t\t\t\t\t\t\t\t\t<img decoding=\"async\" src=\"https:\/\/silinbrasil.com.br\/sn\/wp-content\/uploads\/elementor\/thumbs\/ico_capa_03-r7jvmql0xx0rdyo8az43s1boyzcww9lxedw79b9rjk.png\" title=\"ico_capa_03\" alt=\"ico_capa_03\" loading=\"lazy\" \/>\t\t\t\t\t\t\t\t\t\t\t\t\t\t\t<\/div>\n\t\t\t\t<\/div>\n\t\t\t\t<div class=\"elementor-element elementor-element-8d37232 elementor-widget elementor-widget-text-editor\" data-id=\"8d37232\" data-element_type=\"widget\" data-widget_type=\"text-editor.default\">\n\t\t\t\t<div class=\"elementor-widget-container\">\n\t\t\t\t\t\t\t\t\t<p style=\"line-height: 1.7; color: #007744; font-family: 'Inria Sans', sans-serif;\">: EQUIPAMENTOS DE IRRADIA\u00c7\u00c3O<\/p><div>\u00a0<\/div>\t\t\t\t\t\t\t\t<\/div>\n\t\t\t\t<\/div>\n\t\t\t\t<\/div>\n\t\t<div class=\"elementor-element elementor-element-5036d94 e-con-full e-flex e-con e-child\" data-id=\"5036d94\" data-element_type=\"container\">\n\t\t\t\t<div class=\"elementor-element elementor-element-7e1836a elementor-widget elementor-widget-image\" data-id=\"7e1836a\" data-element_type=\"widget\" data-widget_type=\"image.default\">\n\t\t\t\t<div class=\"elementor-widget-container\">\n\t\t\t\t\t\t\t\t\t\t\t\t\t\t\t<img decoding=\"async\" src=\"https:\/\/silinbrasil.com.br\/sn\/wp-content\/uploads\/elementor\/thumbs\/ico_capa_04-r7jvmsgpbl3c16lhzzxcx0um5r3nbnte2n767v6z74.png\" title=\"ico_capa_04\" alt=\"ico_capa_04\" loading=\"lazy\" \/>\t\t\t\t\t\t\t\t\t\t\t\t\t\t\t<\/div>\n\t\t\t\t<\/div>\n\t\t\t\t<div class=\"elementor-element elementor-element-62007e9 elementor-widget elementor-widget-text-editor\" data-id=\"62007e9\" data-element_type=\"widget\" data-widget_type=\"text-editor.default\">\n\t\t\t\t<div class=\"elementor-widget-container\">\n\t\t\t\t\t\t\t\t\t<p style=\"line-height: 1.7; color: #007744; font-family: 'Inria Sans', sans-serif;\">: EQUIPAMENTOS M\u00c9DICOS<\/p>\t\t\t\t\t\t\t\t<\/div>\n\t\t\t\t<\/div>\n\t\t\t\t<\/div>\n\t\t\t\t\t<\/div>\n\t\t\t\t<\/div>\n\t\t\t\t<\/div>\n\t\t","protected":false},"excerpt":{"rendered":"<p>SL \u2014 SIGA NOSSA CONEX\u00c3O Hub Comercial Conectando China e Am\u00e9rica do Sul : PRODUTOS AGR\u00cdCOLAS : PRODUTOS ALIMENT\u00cdCIOS : FIOS E CABOS : EQUIPAMENTOS DE IRRADIA\u00c7\u00c3O \u00a0 : EQUIPAMENTOS M\u00c9DICOS<\/p>\n","protected":false},"author":1,"featured_media":0,"parent":0,"menu_order":0,"comment_status":"closed","ping_status":"closed","template":"elementor_header_footer","meta":{"footnotes":""},"class_list":["post-38","page","type-page","status-publish","hentry","entry"],"_links":{"self":[{"href":"https:\/\/silinbrasil.com.br\/sn\/wp-json\/wp\/v2\/pages\/38","targetHints":{"allow":["GET"]}}],"collection":[{"href":"https:\/\/silinbrasil.com.br\/sn\/wp-json\/wp\/v2\/pages"}],"about":[{"href":"https:\/\/silinbrasil.com.br\/sn\/wp-json\/wp\/v2\/types\/page"}],"author":[{"embeddable":true,"href":"https:\/\/silinbrasil.com.br\/sn\/wp-json\/wp\/v2\/users\/1"}],"replies":[{"embeddable":true,"href":"https:\/\/silinbrasil.com.br\/sn\/wp-json\/wp\/v2\/comments?post=38"}],"version-history":[{"count":40,"href":"https:\/\/silinbrasil.com.br\/sn\/wp-json\/wp\/v2\/pages\/38\/revisions"}],"predecessor-version":[{"id":535,"href":"https:\/\/silinbrasil.com.br\/sn\/wp-json\/wp\/v2\/pages\/38\/revisions\/535"}],"wp:attachment":[{"href":"https:\/\/silinbrasil.com.br\/sn\/wp-json\/wp\/v2\/media?parent=38"}],"curies":[{"name":"wp","href":"https:\/\/api.w.org\/{rel}","templated":true}]}}